{"id":7953,"date":"2024-02-01T20:48:04","date_gmt":"2024-02-01T20:48:04","guid":{"rendered":"https:\/\/foodsconsultancy.com\/blog\/?page_id=7953"},"modified":"2024-03-11T21:25:28","modified_gmt":"2024-03-11T21:25:28","slug":"%d8%a7%d9%84%d8%af%d9%88%d8%b1%d8%a7%d8%aa-%d8%a7%d9%84%d8%aa%d8%b9%d9%84%d9%8a%d9%85%d9%8a%d8%a9","status":"publish","type":"page","link":"https:\/\/foodsconsultancy.com\/blog\/ar\/%d8%a7%d9%84%d8%af%d9%88%d8%b1%d8%a7%d8%aa-%d8%a7%d9%84%d8%aa%d8%b9%d9%84%d9%8a%d9%85%d9%8a%d8%a9\/","title":{"rendered":"Courses"},"content":{"rendered":"\t\t<div data-elementor-type=\"wp-page\" data-elementor-id=\"7953\" class=\"elementor elementor-7953\">\n\t\t\t\t\t\t<section class=\"has-el-gap el-gap-default elementor-section elementor-top-section elementor-element elementor-element-296ee8a8 elementor-section-boxed elementor-section-height-default elementor-section-height-default\" data-id=\"296ee8a8\" data-element_type=\"section\" data-settings=\"{&quot;background_background&quot;:&quot;classic&quot;,&quot;background_sd_background&quot;:&quot;classic&quot;}\">\n\t\t\t\t\t\t<div class=\"elementor-container elementor-column-gap-no\">\n\t\t\t\t\t<div class=\"elementor-column elementor-col-100 elementor-top-column elementor-element elementor-element-490b9476\" data-id=\"490b9476\" data-element_type=\"column\">\n\t\t\t<div class=\"elementor-widget-wrap elementor-element-populated\">\n\t\t\t\t\t\t<div class=\"elementor-element elementor-element-1751b12f elementor-widget elementor-widget-smartmag-grid\" data-id=\"1751b12f\" data-element_type=\"widget\" data-widget_type=\"smartmag-grid.default\">\n\t\t\t\t<div class=\"elementor-widget-container\">\n\t\t\t\t\t<section class=\"block-wrap block-grid block-sc mb-none\" data-id=\"1\">\n\n\t\t\t\t\t\t\t\t\n\t\t\t\t\t\t\t\n\t\t\t\t<div class=\"block-head block-head-ac block-head-c is-left\">\n\n\t\t\t\t\t<h4 class=\"heading\">\u0639\u0644\u0645 \u0627\u0644\u0623\u062d\u064a\u0627\u0621 \u0627\u0644\u062f\u0642\u064a\u0642\u0629 \u0648\u062a\u0637\u0648\u064a\u0631 \u0627\u0644\u0645\u0634\u0627\u0631\u064a\u0639<\/h4>\t\t\t\t\t\n\t\t\t\t\t\t\t\t\t<\/div>\n\t\t\t\t\n\t\t\t\n\t\t\t\n\t\t\t<div class=\"block-content\">\n\t\t\t\t\t\n\t<div class=\"loop loop-grid loop-grid-base has-nums has-nums-b grid grid-5 md:grid-2 sm:grid-2\">\n\n\t\t\t\t\t\n<article class=\"l-post grid-post grid-base-post\">\n\n\t\n\t\t\t<div class=\"media\">\n\n\t\t\n\t\t\t<a href=\"https:\/\/foodsconsultancy.com\/blog\/ar\/%d8%b2%d8%b1%d8%a7%d8%b9%d8%a9-%d8%a7%d9%84%d9%81%d8%b7%d8%b1\/\" class=\"image-link media-ratio ratio-1-1\" title=\"\u062f\u0648\u0631\u0629 \u0639\u0644\u0645 \u0627\u0644\u0623\u062d\u064a\u0627\u0621 \u0627\u0644\u062f\u0642\u064a\u0642\u0629 \u0648\u0632\u0631\u0627\u0639\u0629 \u0627\u0644\u0641\u0637\u0631\"><img fetchpriority=\"high\" decoding=\"async\" width=\"368\" height=\"368\" src=\"https:\/\/foodsconsultancy.com\/blog\/wp-content\/uploads\/2023\/12\/a6fa5bc4-6e8b-4c2e-9353-2fe0939c1736-450x260.png\" class=\"attachment-bunyad-medium size-bunyad-medium wp-post-image\" alt=\"Microbiology\" sizes=\"(max-width: 368px) 100vw, 368px\" title=\"\u062f\u0648\u0631\u0629 \u0639\u0644\u0645 \u0627\u0644\u0623\u062d\u064a\u0627\u0621 \u0627\u0644\u062f\u0642\u064a\u0642\u0629 \u0648\u0632\u0631\u0627\u0639\u0629 \u0627\u0644\u0641\u0637\u0631\" srcset=\"https:\/\/foodsconsultancy.com\/blog\/wp-content\/uploads\/2023\/12\/a6fa5bc4-6e8b-4c2e-9353-2fe0939c1736-1024x593.png 1024w, https:\/\/foodsconsultancy.com\/blog\/wp-content\/uploads\/2023\/12\/a6fa5bc4-6e8b-4c2e-9353-2fe0939c1736-768x444.png 768w, https:\/\/foodsconsultancy.com\/blog\/wp-content\/uploads\/2023\/12\/a6fa5bc4-6e8b-4c2e-9353-2fe0939c1736-1200x694.png 1200w, https:\/\/foodsconsultancy.com\/blog\/wp-content\/uploads\/2023\/12\/a6fa5bc4-6e8b-4c2e-9353-2fe0939c1736.png 1327w\" \/><\/a>\t\t\t\n\t\t\t\n\t\t\t\n\t\t\t\n\t\t\n\t\t<\/div>\n\t\n\n\t\n\t\t<div class=\"content\">\n\n\t\t\t<div class=\"post-meta post-meta-a\"><h2 class=\"is-title post-title limit-lines l-lines-3\"><a href=\"https:\/\/foodsconsultancy.com\/blog\/ar\/%d8%b2%d8%b1%d8%a7%d8%b9%d8%a9-%d8%a7%d9%84%d9%81%d8%b7%d8%b1\/\">\u062f\u0648\u0631\u0629 \u0639\u0644\u0645 \u0627\u0644\u0623\u062d\u064a\u0627\u0621 \u0627\u0644\u062f\u0642\u064a\u0642\u0629 \u0648\u0632\u0631\u0627\u0639\u0629 \u0627\u0644\u0641\u0637\u0631<\/a><\/h2><\/div>\t\t\t\n\t\t\t\n\t\t\t\n\t\t<\/div>\n\n\t\n<\/article>\t\t\n\t<\/div>\n\n\t\t\n\t\t\t<\/div>\n\n\t\t<\/section>\n\t\t\t\t<\/div>\n\t\t\t\t<\/div>\n\t\t\t\t\t<\/div>\n\t\t<\/div>\n\t\t\t\t\t<\/div>\n\t\t<\/section>\n\t\t\t\t<section class=\"has-el-gap el-gap-default elementor-section elementor-top-section elementor-element elementor-element-2c4aeef5 elementor-section-boxed elementor-section-height-default elementor-section-height-default\" data-id=\"2c4aeef5\" data-element_type=\"section\" data-settings=\"{&quot;background_background&quot;:&quot;classic&quot;,&quot;background_sd_background&quot;:&quot;classic&quot;}\">\n\t\t\t\t\t\t<div class=\"elementor-container elementor-column-gap-no\">\n\t\t\t\t\t<div class=\"elementor-column elementor-col-100 elementor-top-column elementor-element elementor-element-57500402\" data-id=\"57500402\" data-element_type=\"column\">\n\t\t\t<div class=\"elementor-widget-wrap elementor-element-populated\">\n\t\t\t\t\t\t<div class=\"elementor-element elementor-element-53a5cba9 elementor-widget elementor-widget-smartmag-grid\" data-id=\"53a5cba9\" data-element_type=\"widget\" data-widget_type=\"smartmag-grid.default\">\n\t\t\t\t<div class=\"elementor-widget-container\">\n\t\t\t\t\t<section class=\"block-wrap block-grid block-sc mb-none\" data-id=\"2\">\n\n\t\t\t\t\t\t\t\t\n\t\t\t\t\t\t\t\n\t\t\t\t<div class=\"block-head block-head-ac block-head-c is-left\">\n\n\t\t\t\t\t<h4 class=\"heading\">\u062f\u0648\u0631\u0627\u062a \u0627\u0644\u062c\u0648\u062f\u0629<\/h4>\t\t\t\t\t\n\t\t\t\t\t\t\t\t\t<\/div>\n\t\t\t\t\n\t\t\t\n\t\t\t\n\t\t\t<div class=\"block-content\">\n\t\t\t\t\t\n\t<div class=\"loop loop-grid loop-grid-base has-nums has-nums-b grid grid-5 md:grid-2 sm:grid-2\">\n\n\t\t\t\t\t\n<article class=\"l-post grid-post grid-base-post\">\n\n\t\n\t\t\t<div class=\"media\">\n\n\t\t\n\t\t\t<a href=\"https:\/\/foodsconsultancy.com\/blog\/ar\/%d8%af%d9%88%d8%b1%d8%a9-%d8%a7%d8%ae%d8%aa%d8%a8%d8%a7%d8%b1%d8%a7%d8%aa-%d8%a7%d9%84%d8%a3%d8%ad%d9%8a%d8%a7%d8%a1-%d8%a7%d9%84%d8%af%d9%82%d9%8a%d9%82%d8%a9\/\" class=\"image-link media-ratio ratio-1-1\" title=\"\u0627\u0644\u062c\u062f\u064a\u062f \u0641\u064a\u00a0 \u0627\u062e\u062a\u0628\u0627\u0631\u0627\u062a \u0627\u0644\u0623\u062d\u064a\u0627\u0621 \u0627\u0644\u062f\u0642\u064a\u0642\u0629 \u0644\u0644\u0635\u0646\u0627\u0639\u0627\u062a \u0627\u0644\u063a\u0630\u0627\u0626\u064a\u0629 \u0641\u064a \u062f\u0648\u0631\u0629 \u0645\u0646 \u0628\u0631\u0648\u0646\u0627\u0646\u0648\"><img decoding=\"async\" width=\"368\" height=\"368\" src=\"https:\/\/foodsconsultancy.com\/blog\/wp-content\/uploads\/2024\/01\/mmweb-1-e1706467378287-450x310.webp\" class=\"attachment-bunyad-medium size-bunyad-medium wp-post-image\" alt=\"\u0627\u0644\u0623\u062d\u064a\u0627\u0621 \u0627\u0644\u062f\u0642\u064a\u0642\u0629\" sizes=\"(max-width: 368px) 100vw, 368px\" title=\"\u0627\u0644\u062c\u062f\u064a\u062f \u0641\u064a\u00a0 \u0627\u062e\u062a\u0628\u0627\u0631\u0627\u062a \u0627\u0644\u0623\u062d\u064a\u0627\u0621 \u0627\u0644\u062f\u0642\u064a\u0642\u0629 \u0644\u0644\u0635\u0646\u0627\u0639\u0627\u062a \u0627\u0644\u063a\u0630\u0627\u0626\u064a\u0629 \u0641\u064a \u062f\u0648\u0631\u0629 \u0645\u0646 \u0628\u0631\u0648\u0646\u0627\u0646\u0648\" srcset=\"https:\/\/foodsconsultancy.com\/blog\/wp-content\/uploads\/2024\/01\/mmweb-1-e1706467378287-450x310.webp 450w, https:\/\/foodsconsultancy.com\/blog\/wp-content\/uploads\/2024\/01\/mmweb-1-e1706467378287.webp 564w\" \/><\/a>\t\t\t\n\t\t\t\n\t\t\t\n\t\t\t\n\t\t\n\t\t<\/div>\n\t\n\n\t\n\t\t<div class=\"content\">\n\n\t\t\t<div class=\"post-meta post-meta-a\"><h2 class=\"is-title post-title limit-lines l-lines-3\"><a href=\"https:\/\/foodsconsultancy.com\/blog\/ar\/%d8%af%d9%88%d8%b1%d8%a9-%d8%a7%d8%ae%d8%aa%d8%a8%d8%a7%d8%b1%d8%a7%d8%aa-%d8%a7%d9%84%d8%a3%d8%ad%d9%8a%d8%a7%d8%a1-%d8%a7%d9%84%d8%af%d9%82%d9%8a%d9%82%d8%a9\/\">\u0627\u0644\u062c\u062f\u064a\u062f \u0641\u064a\u00a0 \u0627\u062e\u062a\u0628\u0627\u0631\u0627\u062a \u0627\u0644\u0623\u062d\u064a\u0627\u0621 \u0627\u0644\u062f\u0642\u064a\u0642\u0629 \u0644\u0644\u0635\u0646\u0627\u0639\u0627\u062a \u0627\u0644\u063a\u0630\u0627\u0626\u064a\u0629 \u0641\u064a \u062f\u0648\u0631\u0629 \u0645\u0646 \u0628\u0631\u0648\u0646\u0627\u0646\u0648<\/a><\/h2><\/div>\t\t\t\n\t\t\t\n\t\t\t\n\t\t<\/div>\n\n\t\n<\/article>\t\t\t\t\t\n<article class=\"l-post grid-post grid-base-post\">\n\n\t\n\t\t\t<div class=\"media\">\n\n\t\t\n\t\t\t<a href=\"https:\/\/foodsconsultancy.com\/blog\/ar\/%d8%af%d9%88%d8%b1%d8%a9-%d9%85%d9%85%d8%a7%d8%b1%d8%b3%d8%a7%d8%aa-%d8%a7%d9%84%d8%aa%d8%b5%d9%86%d9%8a%d8%b9-%d8%a7%d9%84%d8%ac%d9%8a%d8%af\/\" class=\"image-link media-ratio ratio-1-1\" title=\"\u062a\u062d\u0641\u064a\u0632 \u0627\u0644\u062a\u0645\u064a\u0632 \u0644\u062a\u0643\u0648\u0646 \u0627\u0644\u0631\u0642\u0645 1 \u0645\u0639  \u062f\u0648\u0631\u0629 \u0641\u064a  \u0645\u0645\u0627\u0631\u0633\u0627\u062a \u0627\u0644\u062a\u0635\u0646\u064a\u0639 \u0627\u0644\u062c\u064a\u062f\"><img decoding=\"async\" width=\"368\" height=\"368\" src=\"https:\/\/foodsconsultancy.com\/blog\/wp-content\/uploads\/2024\/01\/photo_2023-10-31_13-13-35-450x382.jpg\" class=\"attachment-bunyad-medium size-bunyad-medium wp-post-image\" alt=\"\u0130yi \u00dcretim Uygulamalar\u0131\" sizes=\"(max-width: 368px) 100vw, 368px\" title=\"\u062a\u062d\u0641\u064a\u0632 \u0627\u0644\u062a\u0645\u064a\u0632 \u0644\u062a\u0643\u0648\u0646 \u0627\u0644\u0631\u0642\u0645 1 \u0645\u0639  \u062f\u0648\u0631\u0629 \u0641\u064a  \u0645\u0645\u0627\u0631\u0633\u0627\u062a \u0627\u0644\u062a\u0635\u0646\u064a\u0639 \u0627\u0644\u062c\u064a\u062f\" srcset=\"https:\/\/foodsconsultancy.com\/blog\/wp-content\/uploads\/2024\/01\/photo_2023-10-31_13-13-35-450x382.jpg 450w, https:\/\/foodsconsultancy.com\/blog\/wp-content\/uploads\/2024\/01\/photo_2023-10-31_13-13-35.jpg 500w\" \/><\/a>\t\t\t\n\t\t\t\n\t\t\t\n\t\t\t\n\t\t\n\t\t<\/div>\n\t\n\n\t\n\t\t<div class=\"content\">\n\n\t\t\t<div class=\"post-meta post-meta-a\"><h2 class=\"is-title post-title limit-lines l-lines-3\"><a href=\"https:\/\/foodsconsultancy.com\/blog\/ar\/%d8%af%d9%88%d8%b1%d8%a9-%d9%85%d9%85%d8%a7%d8%b1%d8%b3%d8%a7%d8%aa-%d8%a7%d9%84%d8%aa%d8%b5%d9%86%d9%8a%d8%b9-%d8%a7%d9%84%d8%ac%d9%8a%d8%af\/\">\u062a\u062d\u0641\u064a\u0632 \u0627\u0644\u062a\u0645\u064a\u0632 \u0644\u062a\u0643\u0648\u0646 \u0627\u0644\u0631\u0642\u0645 1 \u0645\u0639  \u062f\u0648\u0631\u0629 \u0641\u064a  \u0645\u0645\u0627\u0631\u0633\u0627\u062a \u0627\u0644\u062a\u0635\u0646\u064a\u0639 \u0627\u0644\u062c\u064a\u062f<\/a><\/h2><\/div>\t\t\t\n\t\t\t\n\t\t\t\n\t\t<\/div>\n\n\t\n<\/article>\t\t\n\t<\/div>\n\n\t\t\n\t\t\t<\/div>\n\n\t\t<\/section>\n\t\t\t\t<\/div>\n\t\t\t\t<\/div>\n\t\t\t\t\t<\/div>\n\t\t<\/div>\n\t\t\t\t\t<\/div>\n\t\t<\/section>\n\t\t\t\t<section class=\"has-el-gap el-gap-default elementor-section elementor-top-section elementor-element elementor-element-63b78ce2 elementor-section-boxed elementor-section-height-default elementor-section-height-default\" data-id=\"63b78ce2\" data-element_type=\"section\" data-settings=\"{&quot;background_background&quot;:&quot;classic&quot;,&quot;background_sd_background&quot;:&quot;classic&quot;}\">\n\t\t\t\t\t\t<div class=\"elementor-container elementor-column-gap-no\">\n\t\t\t\t\t<div class=\"elementor-column elementor-col-100 elementor-top-column elementor-element elementor-element-7e2933ea\" data-id=\"7e2933ea\" data-element_type=\"column\">\n\t\t\t<div class=\"elementor-widget-wrap elementor-element-populated\">\n\t\t\t\t\t\t<div class=\"elementor-element elementor-element-4e1629db elementor-widget elementor-widget-smartmag-grid\" data-id=\"4e1629db\" data-element_type=\"widget\" data-widget_type=\"smartmag-grid.default\">\n\t\t\t\t<div class=\"elementor-widget-container\">\n\t\t\t\t\t<section class=\"block-wrap block-grid block-sc mb-none\" data-id=\"3\">\n\n\t\t\t\t\t\t\t\t\n\t\t\t\t\t\t\t\n\t\t\t\t<div class=\"block-head block-head-ac block-head-c is-left\">\n\n\t\t\t\t\t<h4 class=\"heading\">\u062f\u0648\u0631\u0627\u062a \u0627\u0644\u062a\u0635\u0646\u064a\u0639<\/h4>\t\t\t\t\t\n\t\t\t\t\t\t\t\t\t<\/div>\n\t\t\t\t\n\t\t\t\n\t\t\t\n\t\t\t<div class=\"block-content\">\n\t\t\t\t\t\n\t<div class=\"loop loop-grid loop-grid-base has-nums has-nums-b grid grid-5 md:grid-2 sm:grid-2\">\n\n\t\t\t\t\t\n<article class=\"l-post grid-post grid-base-post\">\n\n\t\n\t\t\t<div class=\"media\">\n\n\t\t\n\t\t\t<a href=\"https:\/\/foodsconsultancy.com\/blog\/ar\/%d8%af%d9%88%d8%b1%d8%a9-%d8%aa%d9%82%d9%8a%d9%8a%d9%85-%d8%a7%d9%84%d9%82%d9%81%d9%84-%d8%a7%d9%84%d9%85%d8%b2%d8%af%d9%88%d8%ac\/\" class=\"image-link media-ratio ratio-1-1\" title=\"\u062f\u0648\u0631\u0629 \u0645\u062a\u0645\u064a\u0632\u0629  \u0641\u064a \u062a\u0642\u064a\u064a\u0645 \u0627\u0644\u0642\u0641\u0644 \u0627\u0644\u0645\u0632\u062f\u0648\u062c \u0644\u0644\u0639\u0644\u0628 \u0627\u0644\u0645\u0639\u062f\u0646\u064a\u0629\"><img loading=\"lazy\" decoding=\"async\" width=\"368\" height=\"368\" src=\"https:\/\/foodsconsultancy.com\/blog\/wp-content\/uploads\/2024\/01\/beverages-39-1-450x253.jpg\" class=\"attachment-bunyad-medium size-bunyad-medium wp-post-image\" alt=\"Double Seam Evaluation\" sizes=\"(max-width: 368px) 100vw, 368px\" title=\"\u062f\u0648\u0631\u0629 \u0645\u062a\u0645\u064a\u0632\u0629  \u0641\u064a \u062a\u0642\u064a\u064a\u0645 \u0627\u0644\u0642\u0641\u0644 \u0627\u0644\u0645\u0632\u062f\u0648\u062c \u0644\u0644\u0639\u0644\u0628 \u0627\u0644\u0645\u0639\u062f\u0646\u064a\u0629\" srcset=\"https:\/\/foodsconsultancy.com\/blog\/wp-content\/uploads\/2024\/01\/beverages-39-1-768x432.jpg 768w, https:\/\/foodsconsultancy.com\/blog\/wp-content\/uploads\/2024\/01\/beverages-39-1.jpg 810w\" \/><\/a>\t\t\t\n\t\t\t\n\t\t\t\n\t\t\t\n\t\t\n\t\t<\/div>\n\t\n\n\t\n\t\t<div class=\"content\">\n\n\t\t\t<div class=\"post-meta post-meta-a\"><h2 class=\"is-title post-title limit-lines l-lines-3\"><a href=\"https:\/\/foodsconsultancy.com\/blog\/ar\/%d8%af%d9%88%d8%b1%d8%a9-%d8%aa%d9%82%d9%8a%d9%8a%d9%85-%d8%a7%d9%84%d9%82%d9%81%d9%84-%d8%a7%d9%84%d9%85%d8%b2%d8%af%d9%88%d8%ac\/\">\u062f\u0648\u0631\u0629 \u0645\u062a\u0645\u064a\u0632\u0629  \u0641\u064a \u062a\u0642\u064a\u064a\u0645 \u0627\u0644\u0642\u0641\u0644 \u0627\u0644\u0645\u0632\u062f\u0648\u062c \u0644\u0644\u0639\u0644\u0628 \u0627\u0644\u0645\u0639\u062f\u0646\u064a\u0629<\/a><\/h2><\/div>\t\t\t\n\t\t\t\n\t\t\t\n\t\t<\/div>\n\n\t\n<\/article>\t\t\n\t<\/div>\n\n\t\t\n\t\t\t<\/div>\n\n\t\t<\/section>\n\t\t\t\t<\/div>\n\t\t\t\t<\/div>\n\t\t\t\t\t<\/div>\n\t\t<\/div>\n\t\t\t\t\t<\/div>\n\t\t<\/section>\n\t\t\t\t<section class=\"has-el-gap el-gap-default elementor-section elementor-top-section elementor-element elementor-element-4cf3584a elementor-section-boxed elementor-section-height-default elementor-section-height-default\" data-id=\"4cf3584a\" data-element_type=\"section\" data-settings=\"{&quot;background_background&quot;:&quot;classic&quot;,&quot;background_sd_background&quot;:&quot;classic&quot;}\">\n\t\t\t\t\t\t<div class=\"elementor-container elementor-column-gap-no\">\n\t\t\t\t\t<div class=\"elementor-column elementor-col-100 elementor-top-column elementor-element elementor-element-19ebe0de\" data-id=\"19ebe0de\" data-element_type=\"column\">\n\t\t\t<div class=\"elementor-widget-wrap elementor-element-populated\">\n\t\t\t\t\t\t<div class=\"elementor-element elementor-element-53fd9ed5 elementor-widget elementor-widget-smartmag-grid\" data-id=\"53fd9ed5\" data-element_type=\"widget\" data-widget_type=\"smartmag-grid.default\">\n\t\t\t\t<div class=\"elementor-widget-container\">\n\t\t\t\t\t<section class=\"block-wrap block-grid block-sc mb-none\" data-id=\"4\">\n\n\t\t\t\t\t\t\t\t\n\t\t\t\t\t\t\t\n\t\t\t\t<div class=\"block-head block-head-ac block-head-c is-left\">\n\n\t\t\t\t\t<h4 class=\"heading\">\u0645\u0639\u0627\u0644\u062c\u0629 \u0627\u0644\u0645\u064a\u0627\u0647<\/h4>\t\t\t\t\t\n\t\t\t\t\t\t\t\t\t<\/div>\n\t\t\t\t\n\t\t\t\n\t\t\t\n\t\t\t<div class=\"block-content\">\n\t\t\t\t\t\n\t<div class=\"loop loop-grid loop-grid-base has-nums has-nums-b grid grid-5 md:grid-2 sm:grid-2\">\n\n\t\t\t\t\t\n<article class=\"l-post grid-post grid-base-post\">\n\n\t\n\t\t\t<div class=\"media\">\n\n\t\t\n\t\t\t<a href=\"https:\/\/foodsconsultancy.com\/blog\/ar\/%d8%af%d9%88%d8%b1%d8%a9-%d8%b1%d8%a7%d8%aa%d9%86%d8%ac%d8%a7%d8%aa-%d8%a7%d9%84%d8%aa%d8%a8%d8%a7%d8%af%d9%84-%d8%a7%d9%84%d8%a3%d9%8a%d9%88%d9%86%d9%8a\/\" class=\"image-link media-ratio ratio-1-1\" title=\"\u0627\u062d\u0635\u0644 \u0639\u0644\u0649 \u0627\u062a\u0642\u0627\u0646 5 \u0646\u062c\u0648\u0645 \u0645\u0639 \u062f\u0648\u0631\u0629 \u0631\u0627\u062a\u0646\u062c\u0627\u062a \u0627\u0644\u062a\u0628\u0627\u062f\u0644 \u0627\u0644\u0623\u064a\u0648\u0646\u064a \u0644\u062a\u062d\u0633\u064a\u0646 \u0641\u0639\u0627\u0644\u064a\u0629 \u0645\u0639\u0627\u0644\u062c\u0629 \u0627\u0644\u0645\u064a\u0627\u0647\"><img loading=\"lazy\" decoding=\"async\" width=\"368\" height=\"368\" src=\"https:\/\/foodsconsultancy.com\/blog\/wp-content\/uploads\/2023\/12\/333-1-450x450.webp\" class=\"attachment-bunyad-medium size-bunyad-medium wp-post-image\" alt=\"\u0631\u0627\u062a\u0646\u062c\u0627\u062a \u0627\u0644\u062a\u0628\u0627\u062f\u0644 \u0627\u0644\u0623\u064a\u0648\u0646\u064a\" sizes=\"(max-width: 368px) 100vw, 368px\" title=\"\u0627\u062d\u0635\u0644 \u0639\u0644\u0649 \u0627\u062a\u0642\u0627\u0646 5 \u0646\u062c\u0648\u0645 \u0645\u0639 \u062f\u0648\u0631\u0629 \u0631\u0627\u062a\u0646\u062c\u0627\u062a \u0627\u0644\u062a\u0628\u0627\u062f\u0644 \u0627\u0644\u0623\u064a\u0648\u0646\u064a \u0644\u062a\u062d\u0633\u064a\u0646 \u0641\u0639\u0627\u0644\u064a\u0629 \u0645\u0639\u0627\u0644\u062c\u0629 \u0627\u0644\u0645\u064a\u0627\u0647\" srcset=\"https:\/\/foodsconsultancy.com\/blog\/wp-content\/uploads\/2023\/12\/333-1-450x450.webp 450w, https:\/\/foodsconsultancy.com\/blog\/wp-content\/uploads\/2023\/12\/333-1-300x300.webp 300w, https:\/\/foodsconsultancy.com\/blog\/wp-content\/uploads\/2023\/12\/333-1-150x150.webp 150w, https:\/\/foodsconsultancy.com\/blog\/wp-content\/uploads\/2023\/12\/333-1.webp 564w\" \/><\/a>\t\t\t\n\t\t\t\n\t\t\t\n\t\t\t\n\t\t\n\t\t<\/div>\n\t\n\n\t\n\t\t<div class=\"content\">\n\n\t\t\t<div class=\"post-meta post-meta-a\"><h2 class=\"is-title post-title limit-lines l-lines-3\"><a href=\"https:\/\/foodsconsultancy.com\/blog\/ar\/%d8%af%d9%88%d8%b1%d8%a9-%d8%b1%d8%a7%d8%aa%d9%86%d8%ac%d8%a7%d8%aa-%d8%a7%d9%84%d8%aa%d8%a8%d8%a7%d8%af%d9%84-%d8%a7%d9%84%d8%a3%d9%8a%d9%88%d9%86%d9%8a\/\">\u0627\u062d\u0635\u0644 \u0639\u0644\u0649 \u0627\u062a\u0642\u0627\u0646 5 \u0646\u062c\u0648\u0645 \u0645\u0639 \u062f\u0648\u0631\u0629 \u0631\u0627\u062a\u0646\u062c\u0627\u062a \u0627\u0644\u062a\u0628\u0627\u062f\u0644 \u0627\u0644\u0623\u064a\u0648\u0646\u064a \u0644\u062a\u062d\u0633\u064a\u0646 \u0641\u0639\u0627\u0644\u064a\u0629 \u0645\u0639\u0627\u0644\u062c\u0629 \u0627\u0644\u0645\u064a\u0627\u0647<\/a><\/h2><\/div>\t\t\t\n\t\t\t\n\t\t\t\n\t\t<\/div>\n\n\t\n<\/article>\t\t\n\t<\/div>\n\n\t\t\n\t\t\t<\/div>\n\n\t\t<\/section>\n\t\t\t\t<\/div>\n\t\t\t\t<\/div>\n\t\t\t\t\t<\/div>\n\t\t<\/div>\n\t\t\t\t\t<\/div>\n\t\t<\/section>\n\t\t\t\t<\/div>\n\t\t","protected":false},"excerpt":{"rendered":"<p>\u0639\u0644\u0645 \u0627\u0644\u0623\u062d\u064a\u0627\u0621 \u0627\u0644\u062f\u0642\u064a\u0642\u0629 \u0648\u062a\u0637\u0648\u064a\u0631 \u0627\u0644\u0645\u0634\u0627\u0631\u064a\u0639 \u062f\u0648\u0631\u0629 \u0639\u0644\u0645 \u0627\u0644\u0623\u062d\u064a\u0627\u0621 \u0627\u0644\u062f\u0642\u064a\u0642\u0629 \u0648\u0632\u0631\u0627\u0639\u0629 \u0627\u0644\u0641\u0637\u0631 \u062f\u0648\u0631\u0627\u062a \u0627\u0644\u062c\u0648\u062f\u0629 \u0627\u0644\u062c\u062f\u064a\u062f \u0641\u064a\u00a0 \u0627\u062e\u062a\u0628\u0627\u0631\u0627\u062a \u0627\u0644\u0623\u062d\u064a\u0627\u0621 \u0627\u0644\u062f\u0642\u064a\u0642\u0629 \u0644\u0644\u0635\u0646\u0627\u0639\u0627\u062a \u0627\u0644\u063a\u0630\u0627\u0626\u064a\u0629 \u0641\u064a \u062f\u0648\u0631\u0629 \u0645\u0646 \u0628\u0631\u0648\u0646\u0627\u0646\u0648 \u062a\u062d\u0641\u064a\u0632 \u0627\u0644\u062a\u0645\u064a\u0632 \u0644\u062a\u0643\u0648\u0646 \u0627\u0644\u0631\u0642\u0645 1 \u0645\u0639 \u062f\u0648\u0631\u0629 \u0641\u064a \u0645\u0645\u0627\u0631\u0633\u0627\u062a \u0627\u0644\u062a\u0635\u0646\u064a\u0639 \u0627\u0644\u062c\u064a\u062f \u062f\u0648\u0631\u0627\u062a \u0627\u0644\u062a\u0635\u0646\u064a\u0639 \u062f\u0648\u0631\u0629 \u0645\u062a\u0645\u064a\u0632\u0629 \u0641\u064a \u062a\u0642\u064a\u064a\u0645 \u0627\u0644\u0642\u0641\u0644 \u0627\u0644\u0645\u0632\u062f\u0648\u062c \u0644\u0644\u0639\u0644\u0628 \u0627\u0644\u0645\u0639\u062f\u0646\u064a\u0629 \u0645\u0639\u0627\u0644\u062c\u0629 \u0627\u0644\u0645\u064a\u0627\u0647 \u0627\u062d\u0635\u0644 \u0639\u0644\u0649 \u0627\u062a\u0642\u0627\u0646 5 \u0646\u062c\u0648\u0645 \u0645\u0639 \u062f\u0648\u0631\u0629 \u0631\u0627\u062a\u0646\u062c\u0627\u062a<\/p>\n","protected":false},"author":1,"featured_media":0,"parent":0,"menu_order":0,"comment_status":"closed","ping_status":"closed","template":"page-templates\/no-wrapper.php","meta":{"rank_math_lock_modified_date":false,"footnotes":""},"lang":"ar","translations":{"ar":7953,"tr":8152,"en":9144},"amp_enabled":true,"pll_sync_post":[],"_links":{"self":[{"href":"https:\/\/foodsconsultancy.com\/blog\/wp-json\/wp\/v2\/pages\/7953"}],"collection":[{"href":"https:\/\/foodsconsultancy.com\/blog\/wp-json\/wp\/v2\/pages"}],"about":[{"href":"https:\/\/foodsconsultancy.com\/blog\/wp-json\/wp\/v2\/types\/page"}],"author":[{"embeddable":true,"href":"https:\/\/foodsconsultancy.com\/blog\/wp-json\/wp\/v2\/users\/1"}],"replies":[{"embeddable":true,"href":"https:\/\/foodsconsultancy.com\/blog\/wp-json\/wp\/v2\/comments?post=7953"}],"version-history":[{"count":20,"href":"https:\/\/foodsconsultancy.com\/blog\/wp-json\/wp\/v2\/pages\/7953\/revisions"}],"predecessor-version":[{"id":9241,"href":"https:\/\/foodsconsultancy.com\/blog\/wp-json\/wp\/v2\/pages\/7953\/revisions\/9241"}],"wp:attachment":[{"href":"https:\/\/foodsconsultancy.com\/blog\/wp-json\/wp\/v2\/media?parent=7953"}],"curies":[{"name":"wp","href":"https:\/\/api.w.org\/{rel}","templated":true}]}}